{"id":1739,"date":"2022-05-16T14:59:15","date_gmt":"2022-05-16T12:59:15","guid":{"rendered":"https:\/\/pauletlouise.com\/nos-produits\/uncategorized\/duo-de-quinoa-danjou\/"},"modified":"2022-06-02T14:45:35","modified_gmt":"2022-06-02T12:45:35","slug":"duo-of-quinoa-from-anjou","status":"publish","type":"product","link":"https:\/\/pauletlouise.com\/en\/our-products\/todays-mood\/side\/duo-of-quinoa-from-anjou\/","title":{"rendered":"Duo of Quinoa from Anjou"},"content":{"rendered":"<p>In a <strong>microwave oven<\/strong><\/p>\n","protected":false},"excerpt":{"rendered":"<p>Our close relationship with cooperatives and farmers allows us to provide you with locally produced quinoa.<\/p>\n","protected":false},"featured_media":1238,"template":"","meta":{"_acf_changed":false},"product_brand":[],"product_cat":[43,37],"product_tag":[],"class_list":{"0":"post-1739","1":"product","2":"type-product","3":"status-publish","4":"has-post-thumbnail","6":"product_cat-side","7":"product_cat-todays-mood","9":"first","10":"instock","11":"shipping-taxable","12":"product-type-simple"},"acf":[],"yoast_head":"<!-- This site is optimized with the Yoast SEO plugin v27.4 - https:\/\/yoast.com\/product\/yoast-seo-wordpress\/ -->\n<title>Duo of Quinoa from Anjou | Paul &amp; Louise<\/title>\n<meta name=\"robots\" content=\"index, follow, max-snippet:-1, max-image-preview:large, max-video-preview:-1\" \/>\n<link rel=\"canonical\" href=\"https:\/\/pauletlouise.com\/en\/our-products\/todays-mood\/side\/duo-of-quinoa-from-anjou\/\" \/>\n<meta property=\"og:locale\" content=\"en_US\" \/>\n<meta property=\"og:type\" content=\"article\" \/>\n<meta property=\"og:title\" content=\"false\" \/>\n<meta property=\"og:description\" content=\"33\" \/>\n<meta property=\"og:url\" content=\"https:\/\/pauletlouise.com\/en\/our-products\/todays-mood\/side\/duo-of-quinoa-from-anjou\/\" \/>\n<meta property=\"og:site_name\" content=\"Paul &amp; Louise\" \/>\n<meta property=\"article:modified_time\" content=\"2022-06-02T12:45:35+00:00\" \/>\n<meta name=\"twitter:card\" content=\"summary_large_image\" \/>\n<meta name=\"twitter:image\" content=\"https:\/\/pauletlouise.com\/wp-content\/uploads\/sites\/2\/2022\/05\/3379670020869-1.png\" \/>\n<script type=\"application\/ld+json\" class=\"yoast-schema-graph\">{\"@context\":\"https:\\\/\\\/schema.org\",\"@graph\":[{\"@type\":\"WebPage\",\"@id\":\"https:\\\/\\\/pauletlouise.com\\\/en\\\/our-products\\\/todays-mood\\\/side\\\/duo-of-quinoa-from-anjou\\\/\",\"url\":\"https:\\\/\\\/pauletlouise.com\\\/en\\\/our-products\\\/todays-mood\\\/side\\\/duo-of-quinoa-from-anjou\\\/\",\"name\":\"Duo of Quinoa from Anjou | Paul &amp; Louise\",\"isPartOf\":{\"@id\":\"https:\\\/\\\/pauletlouise.com\\\/en\\\/#website\"},\"primaryImageOfPage\":{\"@id\":\"https:\\\/\\\/pauletlouise.com\\\/en\\\/our-products\\\/todays-mood\\\/side\\\/duo-of-quinoa-from-anjou\\\/#primaryimage\"},\"image\":{\"@id\":\"https:\\\/\\\/pauletlouise.com\\\/en\\\/our-products\\\/todays-mood\\\/side\\\/duo-of-quinoa-from-anjou\\\/#primaryimage\"},\"thumbnailUrl\":\"https:\\\/\\\/pauletlouise.com\\\/wp-content\\\/uploads\\\/sites\\\/2\\\/2022\\\/05\\\/3379670020869-1.png\",\"datePublished\":\"2022-05-16T12:59:15+00:00\",\"dateModified\":\"2022-06-02T12:45:35+00:00\",\"breadcrumb\":{\"@id\":\"https:\\\/\\\/pauletlouise.com\\\/en\\\/our-products\\\/todays-mood\\\/side\\\/duo-of-quinoa-from-anjou\\\/#breadcrumb\"},\"inLanguage\":\"en-US\",\"potentialAction\":[{\"@type\":\"ReadAction\",\"target\":[\"https:\\\/\\\/pauletlouise.com\\\/en\\\/our-products\\\/todays-mood\\\/side\\\/duo-of-quinoa-from-anjou\\\/\"]}]},{\"@type\":\"ImageObject\",\"inLanguage\":\"en-US\",\"@id\":\"https:\\\/\\\/pauletlouise.com\\\/en\\\/our-products\\\/todays-mood\\\/side\\\/duo-of-quinoa-from-anjou\\\/#primaryimage\",\"url\":\"https:\\\/\\\/pauletlouise.com\\\/wp-content\\\/uploads\\\/sites\\\/2\\\/2022\\\/05\\\/3379670020869-1.png\",\"contentUrl\":\"https:\\\/\\\/pauletlouise.com\\\/wp-content\\\/uploads\\\/sites\\\/2\\\/2022\\\/05\\\/3379670020869-1.png\",\"width\":800,\"height\":800},{\"@type\":\"BreadcrumbList\",\"@id\":\"https:\\\/\\\/pauletlouise.com\\\/en\\\/our-products\\\/todays-mood\\\/side\\\/duo-of-quinoa-from-anjou\\\/#breadcrumb\",\"itemListElement\":[{\"@type\":\"ListItem\",\"position\":1,\"name\":\"Accueil\",\"item\":\"https:\\\/\\\/pauletlouise.com\\\/en\\\/\"},{\"@type\":\"ListItem\",\"position\":2,\"name\":\"Our products\",\"item\":\"https:\\\/\\\/pauletlouise.com\\\/en\\\/our-products\\\/\"},{\"@type\":\"ListItem\",\"position\":3,\"name\":\"Duo of Quinoa from Anjou\"}]},{\"@type\":\"WebSite\",\"@id\":\"https:\\\/\\\/pauletlouise.com\\\/en\\\/#website\",\"url\":\"https:\\\/\\\/pauletlouise.com\\\/en\\\/\",\"name\":\"Paul &amp; Louise\",\"description\":\"Plats cuisin\u00e9s appertis\u00e9s fran\u00e7ais\",\"publisher\":{\"@id\":\"https:\\\/\\\/pauletlouise.com\\\/en\\\/#organization\"},\"potentialAction\":[{\"@type\":\"SearchAction\",\"target\":{\"@type\":\"EntryPoint\",\"urlTemplate\":\"https:\\\/\\\/pauletlouise.com\\\/en\\\/?s={search_term_string}\"},\"query-input\":{\"@type\":\"PropertyValueSpecification\",\"valueRequired\":true,\"valueName\":\"search_term_string\"}}],\"inLanguage\":\"en-US\"},{\"@type\":\"Organization\",\"@id\":\"https:\\\/\\\/pauletlouise.com\\\/en\\\/#organization\",\"name\":\"Paul & Louise\",\"url\":\"https:\\\/\\\/pauletlouise.com\\\/en\\\/\",\"logo\":{\"@type\":\"ImageObject\",\"inLanguage\":\"en-US\",\"@id\":\"https:\\\/\\\/pauletlouise.com\\\/en\\\/#\\\/schema\\\/logo\\\/image\\\/\",\"url\":\"https:\\\/\\\/pauletlouise.com\\\/wp-content\\\/uploads\\\/sites\\\/2\\\/2022\\\/05\\\/logo-Paul-et-Louise.svg\",\"contentUrl\":\"https:\\\/\\\/pauletlouise.com\\\/wp-content\\\/uploads\\\/sites\\\/2\\\/2022\\\/05\\\/logo-Paul-et-Louise.svg\",\"width\":1,\"height\":1,\"caption\":\"Paul & Louise\"},\"image\":{\"@id\":\"https:\\\/\\\/pauletlouise.com\\\/en\\\/#\\\/schema\\\/logo\\\/image\\\/\"}}]}<\/script>\n<!-- \/ Yoast SEO plugin. -->","yoast_head_json":{"title":"Duo of Quinoa from Anjou | Paul &amp; Louise","robots":{"index":"index","follow":"follow","max-snippet":"max-snippet:-1","max-image-preview":"max-image-preview:large","max-video-preview":"max-video-preview:-1"},"canonical":"https:\/\/pauletlouise.com\/en\/our-products\/todays-mood\/side\/duo-of-quinoa-from-anjou\/","og_locale":"en_US","og_type":"article","og_title":"false","og_description":"33","og_url":"https:\/\/pauletlouise.com\/en\/our-products\/todays-mood\/side\/duo-of-quinoa-from-anjou\/","og_site_name":"Paul &amp; Louise","article_modified_time":"2022-06-02T12:45:35+00:00","twitter_card":"summary_large_image","twitter_image":"https:\/\/pauletlouise.com\/wp-content\/uploads\/sites\/2\/2022\/05\/3379670020869-1.png","schema":{"@context":"https:\/\/schema.org","@graph":[{"@type":"WebPage","@id":"https:\/\/pauletlouise.com\/en\/our-products\/todays-mood\/side\/duo-of-quinoa-from-anjou\/","url":"https:\/\/pauletlouise.com\/en\/our-products\/todays-mood\/side\/duo-of-quinoa-from-anjou\/","name":"Duo of Quinoa from Anjou | Paul &amp; Louise","isPartOf":{"@id":"https:\/\/pauletlouise.com\/en\/#website"},"primaryImageOfPage":{"@id":"https:\/\/pauletlouise.com\/en\/our-products\/todays-mood\/side\/duo-of-quinoa-from-anjou\/#primaryimage"},"image":{"@id":"https:\/\/pauletlouise.com\/en\/our-products\/todays-mood\/side\/duo-of-quinoa-from-anjou\/#primaryimage"},"thumbnailUrl":"https:\/\/pauletlouise.com\/wp-content\/uploads\/sites\/2\/2022\/05\/3379670020869-1.png","datePublished":"2022-05-16T12:59:15+00:00","dateModified":"2022-06-02T12:45:35+00:00","breadcrumb":{"@id":"https:\/\/pauletlouise.com\/en\/our-products\/todays-mood\/side\/duo-of-quinoa-from-anjou\/#breadcrumb"},"inLanguage":"en-US","potentialAction":[{"@type":"ReadAction","target":["https:\/\/pauletlouise.com\/en\/our-products\/todays-mood\/side\/duo-of-quinoa-from-anjou\/"]}]},{"@type":"ImageObject","inLanguage":"en-US","@id":"https:\/\/pauletlouise.com\/en\/our-products\/todays-mood\/side\/duo-of-quinoa-from-anjou\/#primaryimage","url":"https:\/\/pauletlouise.com\/wp-content\/uploads\/sites\/2\/2022\/05\/3379670020869-1.png","contentUrl":"https:\/\/pauletlouise.com\/wp-content\/uploads\/sites\/2\/2022\/05\/3379670020869-1.png","width":800,"height":800},{"@type":"BreadcrumbList","@id":"https:\/\/pauletlouise.com\/en\/our-products\/todays-mood\/side\/duo-of-quinoa-from-anjou\/#breadcrumb","itemListElement":[{"@type":"ListItem","position":1,"name":"Accueil","item":"https:\/\/pauletlouise.com\/en\/"},{"@type":"ListItem","position":2,"name":"Our products","item":"https:\/\/pauletlouise.com\/en\/our-products\/"},{"@type":"ListItem","position":3,"name":"Duo of Quinoa from Anjou"}]},{"@type":"WebSite","@id":"https:\/\/pauletlouise.com\/en\/#website","url":"https:\/\/pauletlouise.com\/en\/","name":"Paul &amp; Louise","description":"Plats cuisin\u00e9s appertis\u00e9s fran\u00e7ais","publisher":{"@id":"https:\/\/pauletlouise.com\/en\/#organization"},"potentialAction":[{"@type":"SearchAction","target":{"@type":"EntryPoint","urlTemplate":"https:\/\/pauletlouise.com\/en\/?s={search_term_string}"},"query-input":{"@type":"PropertyValueSpecification","valueRequired":true,"valueName":"search_term_string"}}],"inLanguage":"en-US"},{"@type":"Organization","@id":"https:\/\/pauletlouise.com\/en\/#organization","name":"Paul & Louise","url":"https:\/\/pauletlouise.com\/en\/","logo":{"@type":"ImageObject","inLanguage":"en-US","@id":"https:\/\/pauletlouise.com\/en\/#\/schema\/logo\/image\/","url":"https:\/\/pauletlouise.com\/wp-content\/uploads\/sites\/2\/2022\/05\/logo-Paul-et-Louise.svg","contentUrl":"https:\/\/pauletlouise.com\/wp-content\/uploads\/sites\/2\/2022\/05\/logo-Paul-et-Louise.svg","width":1,"height":1,"caption":"Paul & Louise"},"image":{"@id":"https:\/\/pauletlouise.com\/en\/#\/schema\/logo\/image\/"}}]}},"_links":{"self":[{"href":"https:\/\/pauletlouise.com\/en\/wp-json\/wp\/v2\/product\/1739","targetHints":{"allow":["GET"]}}],"collection":[{"href":"https:\/\/pauletlouise.com\/en\/wp-json\/wp\/v2\/product"}],"about":[{"href":"https:\/\/pauletlouise.com\/en\/wp-json\/wp\/v2\/types\/product"}],"wp:featuredmedia":[{"embeddable":true,"href":"https:\/\/pauletlouise.com\/en\/wp-json\/wp\/v2\/media\/1238"}],"wp:attachment":[{"href":"https:\/\/pauletlouise.com\/en\/wp-json\/wp\/v2\/media?parent=1739"}],"wp:term":[{"taxonomy":"product_brand","embeddable":true,"href":"https:\/\/pauletlouise.com\/en\/wp-json\/wp\/v2\/product_brand?post=1739"},{"taxonomy":"product_cat","embeddable":true,"href":"https:\/\/pauletlouise.com\/en\/wp-json\/wp\/v2\/product_cat?post=1739"},{"taxonomy":"product_tag","embeddable":true,"href":"https:\/\/pauletlouise.com\/en\/wp-json\/wp\/v2\/product_tag?post=1739"}],"curies":[{"name":"wp","href":"https:\/\/api.w.org\/{rel}","templated":true}]}}