{"id":1712,"date":"2022-05-17T09:38:37","date_gmt":"2022-05-17T07:38:37","guid":{"rendered":"https:\/\/pauletlouise.com\/nos-produits\/uncategorized\/tripes-a-la-sauce-catalane\/"},"modified":"2022-09-21T17:46:26","modified_gmt":"2022-09-21T15:46:26","slug":"tripes-a-la-sauce-catalane","status":"publish","type":"product","link":"https:\/\/pauletlouise.com\/en\/our-products\/traditional-range\/tripes-a-la-sauce-catalane\/","title":{"rendered":"Tripes \u00e0 la sauce Catalane"},"content":{"rendered":"","protected":false},"excerpt":{"rendered":"<p>Discover our tasty recipe of tripe with Catalan sauce, a traditional dish cooked in our workshops in Bressuire.<\/p>\n","protected":false},"featured_media":1145,"template":"","meta":{"_acf_changed":false},"product_brand":[],"product_cat":[38],"product_tag":[],"class_list":{"0":"post-1712","1":"product","2":"type-product","3":"status-publish","4":"has-post-thumbnail","6":"product_cat-traditional-range","8":"first","9":"instock","10":"shipping-taxable","11":"product-type-simple"},"acf":[],"yoast_head":"<!-- This site is optimized with the Yoast SEO plugin v27.3 - https:\/\/yoast.com\/product\/yoast-seo-wordpress\/ -->\n<title>Tripes \u00e0 la sauce Catalane | Paul &amp; Louise<\/title>\n<meta name=\"robots\" content=\"index, follow, max-snippet:-1, max-image-preview:large, max-video-preview:-1\" \/>\n<link rel=\"canonical\" href=\"https:\/\/pauletlouise.com\/en\/our-products\/traditional-range\/tripes-a-la-sauce-catalane\/\" \/>\n<meta property=\"og:locale\" content=\"en_US\" \/>\n<meta property=\"og:type\" content=\"article\" \/>\n<meta property=\"og:title\" content=\"false\" \/>\n<meta property=\"og:description\" content=\"33\" \/>\n<meta property=\"og:url\" content=\"https:\/\/pauletlouise.com\/en\/our-products\/traditional-range\/tripes-a-la-sauce-catalane\/\" \/>\n<meta property=\"og:site_name\" content=\"Paul &amp; Louise\" \/>\n<meta property=\"article:modified_time\" content=\"2022-09-21T15:46:26+00:00\" \/>\n<meta property=\"og:image\" content=\"http:\/\/60\" \/>\n<meta name=\"twitter:card\" content=\"summary_large_image\" \/>\n<script type=\"application\/ld+json\" class=\"yoast-schema-graph\">{\"@context\":\"https:\\\/\\\/schema.org\",\"@graph\":[{\"@type\":\"WebPage\",\"@id\":\"https:\\\/\\\/pauletlouise.com\\\/en\\\/our-products\\\/traditional-range\\\/tripes-a-la-sauce-catalane\\\/\",\"url\":\"https:\\\/\\\/pauletlouise.com\\\/en\\\/our-products\\\/traditional-range\\\/tripes-a-la-sauce-catalane\\\/\",\"name\":\"Tripes \u00e0 la sauce Catalane | Paul &amp; Louise\",\"isPartOf\":{\"@id\":\"https:\\\/\\\/pauletlouise.com\\\/en\\\/#website\"},\"primaryImageOfPage\":{\"@id\":\"https:\\\/\\\/pauletlouise.com\\\/en\\\/our-products\\\/traditional-range\\\/tripes-a-la-sauce-catalane\\\/#primaryimage\"},\"image\":{\"@id\":\"https:\\\/\\\/pauletlouise.com\\\/en\\\/our-products\\\/traditional-range\\\/tripes-a-la-sauce-catalane\\\/#primaryimage\"},\"thumbnailUrl\":\"https:\\\/\\\/pauletlouise.com\\\/wp-content\\\/uploads\\\/sites\\\/2\\\/2022\\\/05\\\/3379670016442-1.png\",\"datePublished\":\"2022-05-17T07:38:37+00:00\",\"dateModified\":\"2022-09-21T15:46:26+00:00\",\"breadcrumb\":{\"@id\":\"https:\\\/\\\/pauletlouise.com\\\/en\\\/our-products\\\/traditional-range\\\/tripes-a-la-sauce-catalane\\\/#breadcrumb\"},\"inLanguage\":\"en-US\",\"potentialAction\":[{\"@type\":\"ReadAction\",\"target\":[\"https:\\\/\\\/pauletlouise.com\\\/en\\\/our-products\\\/traditional-range\\\/tripes-a-la-sauce-catalane\\\/\"]}]},{\"@type\":\"ImageObject\",\"inLanguage\":\"en-US\",\"@id\":\"https:\\\/\\\/pauletlouise.com\\\/en\\\/our-products\\\/traditional-range\\\/tripes-a-la-sauce-catalane\\\/#primaryimage\",\"url\":\"https:\\\/\\\/pauletlouise.com\\\/wp-content\\\/uploads\\\/sites\\\/2\\\/2022\\\/05\\\/3379670016442-1.png\",\"contentUrl\":\"https:\\\/\\\/pauletlouise.com\\\/wp-content\\\/uploads\\\/sites\\\/2\\\/2022\\\/05\\\/3379670016442-1.png\",\"width\":800,\"height\":800},{\"@type\":\"BreadcrumbList\",\"@id\":\"https:\\\/\\\/pauletlouise.com\\\/en\\\/our-products\\\/traditional-range\\\/tripes-a-la-sauce-catalane\\\/#breadcrumb\",\"itemListElement\":[{\"@type\":\"ListItem\",\"position\":1,\"name\":\"Accueil\",\"item\":\"https:\\\/\\\/pauletlouise.com\\\/en\\\/\"},{\"@type\":\"ListItem\",\"position\":2,\"name\":\"Our products\",\"item\":\"https:\\\/\\\/pauletlouise.com\\\/en\\\/our-products\\\/\"},{\"@type\":\"ListItem\",\"position\":3,\"name\":\"Tripes \u00e0 la sauce Catalane\"}]},{\"@type\":\"WebSite\",\"@id\":\"https:\\\/\\\/pauletlouise.com\\\/en\\\/#website\",\"url\":\"https:\\\/\\\/pauletlouise.com\\\/en\\\/\",\"name\":\"Paul &amp; Louise\",\"description\":\"Plats cuisin\u00e9s appertis\u00e9s fran\u00e7ais\",\"publisher\":{\"@id\":\"https:\\\/\\\/pauletlouise.com\\\/en\\\/#organization\"},\"potentialAction\":[{\"@type\":\"SearchAction\",\"target\":{\"@type\":\"EntryPoint\",\"urlTemplate\":\"https:\\\/\\\/pauletlouise.com\\\/en\\\/?s={search_term_string}\"},\"query-input\":{\"@type\":\"PropertyValueSpecification\",\"valueRequired\":true,\"valueName\":\"search_term_string\"}}],\"inLanguage\":\"en-US\"},{\"@type\":\"Organization\",\"@id\":\"https:\\\/\\\/pauletlouise.com\\\/en\\\/#organization\",\"name\":\"Paul & Louise\",\"url\":\"https:\\\/\\\/pauletlouise.com\\\/en\\\/\",\"logo\":{\"@type\":\"ImageObject\",\"inLanguage\":\"en-US\",\"@id\":\"https:\\\/\\\/pauletlouise.com\\\/en\\\/#\\\/schema\\\/logo\\\/image\\\/\",\"url\":\"https:\\\/\\\/pauletlouise.com\\\/wp-content\\\/uploads\\\/sites\\\/2\\\/2022\\\/05\\\/logo-Paul-et-Louise.svg\",\"contentUrl\":\"https:\\\/\\\/pauletlouise.com\\\/wp-content\\\/uploads\\\/sites\\\/2\\\/2022\\\/05\\\/logo-Paul-et-Louise.svg\",\"width\":1,\"height\":1,\"caption\":\"Paul & Louise\"},\"image\":{\"@id\":\"https:\\\/\\\/pauletlouise.com\\\/en\\\/#\\\/schema\\\/logo\\\/image\\\/\"}}]}<\/script>\n<!-- \/ Yoast SEO plugin. -->","yoast_head_json":{"title":"Tripes \u00e0 la sauce Catalane | Paul &amp; Louise","robots":{"index":"index","follow":"follow","max-snippet":"max-snippet:-1","max-image-preview":"max-image-preview:large","max-video-preview":"max-video-preview:-1"},"canonical":"https:\/\/pauletlouise.com\/en\/our-products\/traditional-range\/tripes-a-la-sauce-catalane\/","og_locale":"en_US","og_type":"article","og_title":"false","og_description":"33","og_url":"https:\/\/pauletlouise.com\/en\/our-products\/traditional-range\/tripes-a-la-sauce-catalane\/","og_site_name":"Paul &amp; Louise","article_modified_time":"2022-09-21T15:46:26+00:00","og_image":[{"url":"60","type":"","width":"","height":""}],"twitter_card":"summary_large_image","schema":{"@context":"https:\/\/schema.org","@graph":[{"@type":"WebPage","@id":"https:\/\/pauletlouise.com\/en\/our-products\/traditional-range\/tripes-a-la-sauce-catalane\/","url":"https:\/\/pauletlouise.com\/en\/our-products\/traditional-range\/tripes-a-la-sauce-catalane\/","name":"Tripes \u00e0 la sauce Catalane | Paul &amp; Louise","isPartOf":{"@id":"https:\/\/pauletlouise.com\/en\/#website"},"primaryImageOfPage":{"@id":"https:\/\/pauletlouise.com\/en\/our-products\/traditional-range\/tripes-a-la-sauce-catalane\/#primaryimage"},"image":{"@id":"https:\/\/pauletlouise.com\/en\/our-products\/traditional-range\/tripes-a-la-sauce-catalane\/#primaryimage"},"thumbnailUrl":"https:\/\/pauletlouise.com\/wp-content\/uploads\/sites\/2\/2022\/05\/3379670016442-1.png","datePublished":"2022-05-17T07:38:37+00:00","dateModified":"2022-09-21T15:46:26+00:00","breadcrumb":{"@id":"https:\/\/pauletlouise.com\/en\/our-products\/traditional-range\/tripes-a-la-sauce-catalane\/#breadcrumb"},"inLanguage":"en-US","potentialAction":[{"@type":"ReadAction","target":["https:\/\/pauletlouise.com\/en\/our-products\/traditional-range\/tripes-a-la-sauce-catalane\/"]}]},{"@type":"ImageObject","inLanguage":"en-US","@id":"https:\/\/pauletlouise.com\/en\/our-products\/traditional-range\/tripes-a-la-sauce-catalane\/#primaryimage","url":"https:\/\/pauletlouise.com\/wp-content\/uploads\/sites\/2\/2022\/05\/3379670016442-1.png","contentUrl":"https:\/\/pauletlouise.com\/wp-content\/uploads\/sites\/2\/2022\/05\/3379670016442-1.png","width":800,"height":800},{"@type":"BreadcrumbList","@id":"https:\/\/pauletlouise.com\/en\/our-products\/traditional-range\/tripes-a-la-sauce-catalane\/#breadcrumb","itemListElement":[{"@type":"ListItem","position":1,"name":"Accueil","item":"https:\/\/pauletlouise.com\/en\/"},{"@type":"ListItem","position":2,"name":"Our products","item":"https:\/\/pauletlouise.com\/en\/our-products\/"},{"@type":"ListItem","position":3,"name":"Tripes \u00e0 la sauce Catalane"}]},{"@type":"WebSite","@id":"https:\/\/pauletlouise.com\/en\/#website","url":"https:\/\/pauletlouise.com\/en\/","name":"Paul &amp; Louise","description":"Plats cuisin\u00e9s appertis\u00e9s fran\u00e7ais","publisher":{"@id":"https:\/\/pauletlouise.com\/en\/#organization"},"potentialAction":[{"@type":"SearchAction","target":{"@type":"EntryPoint","urlTemplate":"https:\/\/pauletlouise.com\/en\/?s={search_term_string}"},"query-input":{"@type":"PropertyValueSpecification","valueRequired":true,"valueName":"search_term_string"}}],"inLanguage":"en-US"},{"@type":"Organization","@id":"https:\/\/pauletlouise.com\/en\/#organization","name":"Paul & Louise","url":"https:\/\/pauletlouise.com\/en\/","logo":{"@type":"ImageObject","inLanguage":"en-US","@id":"https:\/\/pauletlouise.com\/en\/#\/schema\/logo\/image\/","url":"https:\/\/pauletlouise.com\/wp-content\/uploads\/sites\/2\/2022\/05\/logo-Paul-et-Louise.svg","contentUrl":"https:\/\/pauletlouise.com\/wp-content\/uploads\/sites\/2\/2022\/05\/logo-Paul-et-Louise.svg","width":1,"height":1,"caption":"Paul & Louise"},"image":{"@id":"https:\/\/pauletlouise.com\/en\/#\/schema\/logo\/image\/"}}]}},"_links":{"self":[{"href":"https:\/\/pauletlouise.com\/en\/wp-json\/wp\/v2\/product\/1712","targetHints":{"allow":["GET"]}}],"collection":[{"href":"https:\/\/pauletlouise.com\/en\/wp-json\/wp\/v2\/product"}],"about":[{"href":"https:\/\/pauletlouise.com\/en\/wp-json\/wp\/v2\/types\/product"}],"wp:featuredmedia":[{"embeddable":true,"href":"https:\/\/pauletlouise.com\/en\/wp-json\/wp\/v2\/media\/1145"}],"wp:attachment":[{"href":"https:\/\/pauletlouise.com\/en\/wp-json\/wp\/v2\/media?parent=1712"}],"wp:term":[{"taxonomy":"product_brand","embeddable":true,"href":"https:\/\/pauletlouise.com\/en\/wp-json\/wp\/v2\/product_brand?post=1712"},{"taxonomy":"product_cat","embeddable":true,"href":"https:\/\/pauletlouise.com\/en\/wp-json\/wp\/v2\/product_cat?post=1712"},{"taxonomy":"product_tag","embeddable":true,"href":"https:\/\/pauletlouise.com\/en\/wp-json\/wp\/v2\/product_tag?post=1712"}],"curies":[{"name":"wp","href":"https:\/\/api.w.org\/{rel}","templated":true}]}}