{"id":1680,"date":"2022-05-17T15:29:49","date_gmt":"2022-05-17T13:29:49","guid":{"rendered":"https:\/\/pauletlouise.com\/nos-produits\/uncategorized\/chili-con-carne-800g\/"},"modified":"2022-06-01T16:19:54","modified_gmt":"2022-06-01T14:19:54","slug":"chili-con-carne-800g","status":"publish","type":"product","link":"https:\/\/pauletlouise.com\/en\/our-products\/exotique-range\/chili-con-carne-800g\/","title":{"rendered":"Chili Con Carne 800g"},"content":{"rendered":"","protected":false},"excerpt":{"rendered":"<p>A recipe straight from Texas, our chili con carne made with 25% beef is slowly simmered with red beans, peppers and spices for an incomparable taste.<\/p>\n","protected":false},"featured_media":2024,"template":"","meta":{"_acf_changed":false},"product_brand":[],"product_cat":[39],"product_tag":[],"class_list":{"0":"post-1680","1":"product","2":"type-product","3":"status-publish","4":"has-post-thumbnail","6":"product_cat-exotique-range","8":"first","9":"instock","10":"shipping-taxable","11":"product-type-simple"},"acf":[],"yoast_head":"<!-- This site is optimized with the Yoast SEO plugin v27.4 - https:\/\/yoast.com\/product\/yoast-seo-wordpress\/ -->\n<title>Chili Con Carne 800g | Paul &amp; Louise<\/title>\n<meta name=\"robots\" content=\"index, follow, max-snippet:-1, max-image-preview:large, max-video-preview:-1\" \/>\n<link rel=\"canonical\" href=\"https:\/\/pauletlouise.com\/en\/our-products\/exotique-range\/chili-con-carne-800g\/\" \/>\n<meta property=\"og:locale\" content=\"en_US\" \/>\n<meta property=\"og:type\" content=\"article\" \/>\n<meta property=\"og:title\" content=\"false\" \/>\n<meta property=\"og:description\" content=\"33\" \/>\n<meta property=\"og:url\" content=\"https:\/\/pauletlouise.com\/en\/our-products\/exotique-range\/chili-con-carne-800g\/\" \/>\n<meta property=\"og:site_name\" content=\"Paul &amp; Louise\" \/>\n<meta property=\"article:modified_time\" content=\"2022-06-01T14:19:54+00:00\" \/>\n<meta property=\"og:image\" content=\"http:\/\/60\" \/>\n<meta name=\"twitter:card\" content=\"summary_large_image\" \/>\n<script type=\"application\/ld+json\" class=\"yoast-schema-graph\">{\"@context\":\"https:\\\/\\\/schema.org\",\"@graph\":[{\"@type\":\"WebPage\",\"@id\":\"https:\\\/\\\/pauletlouise.com\\\/en\\\/our-products\\\/exotique-range\\\/chili-con-carne-800g\\\/\",\"url\":\"https:\\\/\\\/pauletlouise.com\\\/en\\\/our-products\\\/exotique-range\\\/chili-con-carne-800g\\\/\",\"name\":\"Chili Con Carne 800g | Paul &amp; Louise\",\"isPartOf\":{\"@id\":\"https:\\\/\\\/pauletlouise.com\\\/en\\\/#website\"},\"primaryImageOfPage\":{\"@id\":\"https:\\\/\\\/pauletlouise.com\\\/en\\\/our-products\\\/exotique-range\\\/chili-con-carne-800g\\\/#primaryimage\"},\"image\":{\"@id\":\"https:\\\/\\\/pauletlouise.com\\\/en\\\/our-products\\\/exotique-range\\\/chili-con-carne-800g\\\/#primaryimage\"},\"thumbnailUrl\":\"https:\\\/\\\/pauletlouise.com\\\/wp-content\\\/uploads\\\/sites\\\/2\\\/2022\\\/05\\\/MOCK_UP_E401510-2_CHILI_CON_CARNE_800g.png\",\"datePublished\":\"2022-05-17T13:29:49+00:00\",\"dateModified\":\"2022-06-01T14:19:54+00:00\",\"breadcrumb\":{\"@id\":\"https:\\\/\\\/pauletlouise.com\\\/en\\\/our-products\\\/exotique-range\\\/chili-con-carne-800g\\\/#breadcrumb\"},\"inLanguage\":\"en-US\",\"potentialAction\":[{\"@type\":\"ReadAction\",\"target\":[\"https:\\\/\\\/pauletlouise.com\\\/en\\\/our-products\\\/exotique-range\\\/chili-con-carne-800g\\\/\"]}]},{\"@type\":\"ImageObject\",\"inLanguage\":\"en-US\",\"@id\":\"https:\\\/\\\/pauletlouise.com\\\/en\\\/our-products\\\/exotique-range\\\/chili-con-carne-800g\\\/#primaryimage\",\"url\":\"https:\\\/\\\/pauletlouise.com\\\/wp-content\\\/uploads\\\/sites\\\/2\\\/2022\\\/05\\\/MOCK_UP_E401510-2_CHILI_CON_CARNE_800g.png\",\"contentUrl\":\"https:\\\/\\\/pauletlouise.com\\\/wp-content\\\/uploads\\\/sites\\\/2\\\/2022\\\/05\\\/MOCK_UP_E401510-2_CHILI_CON_CARNE_800g.png\",\"width\":2400,\"height\":2400},{\"@type\":\"BreadcrumbList\",\"@id\":\"https:\\\/\\\/pauletlouise.com\\\/en\\\/our-products\\\/exotique-range\\\/chili-con-carne-800g\\\/#breadcrumb\",\"itemListElement\":[{\"@type\":\"ListItem\",\"position\":1,\"name\":\"Accueil\",\"item\":\"https:\\\/\\\/pauletlouise.com\\\/en\\\/\"},{\"@type\":\"ListItem\",\"position\":2,\"name\":\"Our products\",\"item\":\"https:\\\/\\\/pauletlouise.com\\\/en\\\/our-products\\\/\"},{\"@type\":\"ListItem\",\"position\":3,\"name\":\"Chili Con Carne 800g\"}]},{\"@type\":\"WebSite\",\"@id\":\"https:\\\/\\\/pauletlouise.com\\\/en\\\/#website\",\"url\":\"https:\\\/\\\/pauletlouise.com\\\/en\\\/\",\"name\":\"Paul &amp; Louise\",\"description\":\"Plats cuisin\u00e9s appertis\u00e9s fran\u00e7ais\",\"publisher\":{\"@id\":\"https:\\\/\\\/pauletlouise.com\\\/en\\\/#organization\"},\"potentialAction\":[{\"@type\":\"SearchAction\",\"target\":{\"@type\":\"EntryPoint\",\"urlTemplate\":\"https:\\\/\\\/pauletlouise.com\\\/en\\\/?s={search_term_string}\"},\"query-input\":{\"@type\":\"PropertyValueSpecification\",\"valueRequired\":true,\"valueName\":\"search_term_string\"}}],\"inLanguage\":\"en-US\"},{\"@type\":\"Organization\",\"@id\":\"https:\\\/\\\/pauletlouise.com\\\/en\\\/#organization\",\"name\":\"Paul & Louise\",\"url\":\"https:\\\/\\\/pauletlouise.com\\\/en\\\/\",\"logo\":{\"@type\":\"ImageObject\",\"inLanguage\":\"en-US\",\"@id\":\"https:\\\/\\\/pauletlouise.com\\\/en\\\/#\\\/schema\\\/logo\\\/image\\\/\",\"url\":\"https:\\\/\\\/pauletlouise.com\\\/wp-content\\\/uploads\\\/sites\\\/2\\\/2022\\\/05\\\/logo-Paul-et-Louise.svg\",\"contentUrl\":\"https:\\\/\\\/pauletlouise.com\\\/wp-content\\\/uploads\\\/sites\\\/2\\\/2022\\\/05\\\/logo-Paul-et-Louise.svg\",\"width\":1,\"height\":1,\"caption\":\"Paul & Louise\"},\"image\":{\"@id\":\"https:\\\/\\\/pauletlouise.com\\\/en\\\/#\\\/schema\\\/logo\\\/image\\\/\"}}]}<\/script>\n<!-- \/ Yoast SEO plugin. -->","yoast_head_json":{"title":"Chili Con Carne 800g | Paul &amp; Louise","robots":{"index":"index","follow":"follow","max-snippet":"max-snippet:-1","max-image-preview":"max-image-preview:large","max-video-preview":"max-video-preview:-1"},"canonical":"https:\/\/pauletlouise.com\/en\/our-products\/exotique-range\/chili-con-carne-800g\/","og_locale":"en_US","og_type":"article","og_title":"false","og_description":"33","og_url":"https:\/\/pauletlouise.com\/en\/our-products\/exotique-range\/chili-con-carne-800g\/","og_site_name":"Paul &amp; Louise","article_modified_time":"2022-06-01T14:19:54+00:00","og_image":[{"url":"60","type":"","width":"","height":""}],"twitter_card":"summary_large_image","schema":{"@context":"https:\/\/schema.org","@graph":[{"@type":"WebPage","@id":"https:\/\/pauletlouise.com\/en\/our-products\/exotique-range\/chili-con-carne-800g\/","url":"https:\/\/pauletlouise.com\/en\/our-products\/exotique-range\/chili-con-carne-800g\/","name":"Chili Con Carne 800g | Paul &amp; Louise","isPartOf":{"@id":"https:\/\/pauletlouise.com\/en\/#website"},"primaryImageOfPage":{"@id":"https:\/\/pauletlouise.com\/en\/our-products\/exotique-range\/chili-con-carne-800g\/#primaryimage"},"image":{"@id":"https:\/\/pauletlouise.com\/en\/our-products\/exotique-range\/chili-con-carne-800g\/#primaryimage"},"thumbnailUrl":"https:\/\/pauletlouise.com\/wp-content\/uploads\/sites\/2\/2022\/05\/MOCK_UP_E401510-2_CHILI_CON_CARNE_800g.png","datePublished":"2022-05-17T13:29:49+00:00","dateModified":"2022-06-01T14:19:54+00:00","breadcrumb":{"@id":"https:\/\/pauletlouise.com\/en\/our-products\/exotique-range\/chili-con-carne-800g\/#breadcrumb"},"inLanguage":"en-US","potentialAction":[{"@type":"ReadAction","target":["https:\/\/pauletlouise.com\/en\/our-products\/exotique-range\/chili-con-carne-800g\/"]}]},{"@type":"ImageObject","inLanguage":"en-US","@id":"https:\/\/pauletlouise.com\/en\/our-products\/exotique-range\/chili-con-carne-800g\/#primaryimage","url":"https:\/\/pauletlouise.com\/wp-content\/uploads\/sites\/2\/2022\/05\/MOCK_UP_E401510-2_CHILI_CON_CARNE_800g.png","contentUrl":"https:\/\/pauletlouise.com\/wp-content\/uploads\/sites\/2\/2022\/05\/MOCK_UP_E401510-2_CHILI_CON_CARNE_800g.png","width":2400,"height":2400},{"@type":"BreadcrumbList","@id":"https:\/\/pauletlouise.com\/en\/our-products\/exotique-range\/chili-con-carne-800g\/#breadcrumb","itemListElement":[{"@type":"ListItem","position":1,"name":"Accueil","item":"https:\/\/pauletlouise.com\/en\/"},{"@type":"ListItem","position":2,"name":"Our products","item":"https:\/\/pauletlouise.com\/en\/our-products\/"},{"@type":"ListItem","position":3,"name":"Chili Con Carne 800g"}]},{"@type":"WebSite","@id":"https:\/\/pauletlouise.com\/en\/#website","url":"https:\/\/pauletlouise.com\/en\/","name":"Paul &amp; Louise","description":"Plats cuisin\u00e9s appertis\u00e9s fran\u00e7ais","publisher":{"@id":"https:\/\/pauletlouise.com\/en\/#organization"},"potentialAction":[{"@type":"SearchAction","target":{"@type":"EntryPoint","urlTemplate":"https:\/\/pauletlouise.com\/en\/?s={search_term_string}"},"query-input":{"@type":"PropertyValueSpecification","valueRequired":true,"valueName":"search_term_string"}}],"inLanguage":"en-US"},{"@type":"Organization","@id":"https:\/\/pauletlouise.com\/en\/#organization","name":"Paul & Louise","url":"https:\/\/pauletlouise.com\/en\/","logo":{"@type":"ImageObject","inLanguage":"en-US","@id":"https:\/\/pauletlouise.com\/en\/#\/schema\/logo\/image\/","url":"https:\/\/pauletlouise.com\/wp-content\/uploads\/sites\/2\/2022\/05\/logo-Paul-et-Louise.svg","contentUrl":"https:\/\/pauletlouise.com\/wp-content\/uploads\/sites\/2\/2022\/05\/logo-Paul-et-Louise.svg","width":1,"height":1,"caption":"Paul & Louise"},"image":{"@id":"https:\/\/pauletlouise.com\/en\/#\/schema\/logo\/image\/"}}]}},"_links":{"self":[{"href":"https:\/\/pauletlouise.com\/en\/wp-json\/wp\/v2\/product\/1680","targetHints":{"allow":["GET"]}}],"collection":[{"href":"https:\/\/pauletlouise.com\/en\/wp-json\/wp\/v2\/product"}],"about":[{"href":"https:\/\/pauletlouise.com\/en\/wp-json\/wp\/v2\/types\/product"}],"wp:featuredmedia":[{"embeddable":true,"href":"https:\/\/pauletlouise.com\/en\/wp-json\/wp\/v2\/media\/2024"}],"wp:attachment":[{"href":"https:\/\/pauletlouise.com\/en\/wp-json\/wp\/v2\/media?parent=1680"}],"wp:term":[{"taxonomy":"product_brand","embeddable":true,"href":"https:\/\/pauletlouise.com\/en\/wp-json\/wp\/v2\/product_brand?post=1680"},{"taxonomy":"product_cat","embeddable":true,"href":"https:\/\/pauletlouise.com\/en\/wp-json\/wp\/v2\/product_cat?post=1680"},{"taxonomy":"product_tag","embeddable":true,"href":"https:\/\/pauletlouise.com\/en\/wp-json\/wp\/v2\/product_tag?post=1680"}],"curies":[{"name":"wp","href":"https:\/\/api.w.org\/{rel}","templated":true}]}}