{"id":1397,"date":"2022-05-16T12:53:26","date_gmt":"2022-05-16T10:53:26","guid":{"rendered":"https:\/\/pauletlouise.com\/mentions-legales\/"},"modified":"2022-06-14T13:01:59","modified_gmt":"2022-06-14T11:01:59","slug":"legal-notice","status":"publish","type":"page","link":"https:\/\/pauletlouise.com\/en\/legal-notice\/","title":{"rendered":"Legal notice"},"content":{"rendered":"<div class=\"wpb-content-wrapper\"><p>[vc_row unlock_row_content=&#8221;yes&#8221; row_height_percent=&#8221;0&#8243; override_padding=&#8221;yes&#8221; h_padding=&#8221;0&#8243; top_padding=&#8221;2&#8243; bottom_padding=&#8221;0&#8243; back_image=&#8221;676&#8243; back_repeat=&#8221;no-repeat&#8221; back_position=&#8221;center top&#8221; overlay_alpha=&#8221;50&#8243; gutter_size=&#8221;3&#8243; column_width_percent=&#8221;100&#8243; shift_y=&#8221;0&#8243; z_index=&#8221;0&#8243; uncode_shortcode_id=&#8221;162082&#8243; back_size=&#8221;cover&#8221; el_class=&#8221;bandeau-page&#8221;][vc_column column_width_percent=&#8221;100&#8243; gutter_size=&#8221;3&#8243; overlay_alpha=&#8221;50&#8243; shift_x=&#8221;0&#8243; shift_y=&#8221;0&#8243; shift_y_down=&#8221;0&#8243; z_index=&#8221;0&#8243; medium_width=&#8221;0&#8243; mobile_width=&#8221;0&#8243; width=&#8221;1\/1&#8243; uncode_shortcode_id=&#8221;166492&#8243;][vc_row_inner row_inner_height_percent=&#8221;0&#8243; overlay_alpha=&#8221;50&#8243; gutter_size=&#8221;0&#8243; shift_y=&#8221;0&#8243; z_index=&#8221;0&#8243; limit_content=&#8221;&#8221; uncode_shortcode_id=&#8221;108766&#8243; el_class=&#8221;row-intro&#8221;][vc_column_inner column_width_percent=&#8221;100&#8243; gutter_size=&#8221;3&#8243; overlay_alpha=&#8221;50&#8243; shift_x=&#8221;0&#8243; shift_y=&#8221;0&#8243; shift_y_down=&#8221;0&#8243; z_index=&#8221;0&#8243; medium_width=&#8221;0&#8243; mobile_width=&#8221;0&#8243; width=&#8221;1\/1&#8243; uncode_shortcode_id=&#8221;105897&#8243;][vc_custom_heading text_color=&#8221;color-232323&#8243; heading_semantic=&#8221;h1&#8243; text_size=&#8221;h1&#8243; text_height=&#8221;fontheight-1-3&#8243; uncode_shortcode_id=&#8221;156068&#8243; text_color_type=&#8221;uncode-palette&#8221; el_class=&#8221;titre-categorie&#8221;]<strong>Legal<\/strong> notice[\/vc_custom_heading][vc_column_text text_lead=&#8221;yes&#8221; uncode_shortcode_id=&#8221;106497&#8243; el_class=&#8221;desc-top&#8221;]<\/p>\n<h2>pauletlouise.com is published by :<\/h2>\n<p><strong>COVI SAS<\/strong><br \/>\nSAS with a capital of 3 487 805 \u20ac<br \/>\nPublication Director : M. Patrice Bourigault<br \/>\nRCS : 391 892 171 Niort<br \/>\nIntra-EU VAT : FR 53 391 892 171[\/vc_column_text][\/vc_column_inner][\/vc_row_inner][vc_row_inner row_inner_height_percent=&#8221;0&#8243; overlay_color=&#8221;color-E32213&#8243; overlay_alpha=&#8221;86&#8243; gutter_size=&#8221;3&#8243; shift_y=&#8221;0&#8243; z_index=&#8221;0&#8243; uncode_shortcode_id=&#8221;172128&#8243; overlay_color_type=&#8221;uncode-palette&#8221; el_class=&#8221;row-icos row-icos-contact&#8221; limit_content=&#8221;&#8221;][vc_column_inner column_width_percent=&#8221;100&#8243; position_vertical=&#8221;middle&#8221; align_horizontal=&#8221;align_center&#8221; gutter_size=&#8221;2&#8243; back_image=&#8221;718&#8243; back_repeat=&#8221;no-repeat&#8221; back_position=&#8221;left center&#8221; overlay_alpha=&#8221;50&#8243; shift_x=&#8221;0&#8243; shift_y=&#8221;0&#8243; shift_y_down=&#8221;0&#8243; z_index=&#8221;0&#8243; medium_width=&#8221;0&#8243; mobile_width=&#8221;0&#8243; width=&#8221;1\/3&#8243; uncode_shortcode_id=&#8221;552672&#8243; back_size=&#8221;auto&#8221;][vc_icon icon=&#8221;fa fa-map-pin&#8221; icon_color=&#8221;color-F9B433&#8243; size=&#8221;fa-3x&#8221; heading_semantic=&#8221;p&#8221; text_font=&#8221;font-titres&#8221; text_size=&#8221;fontsize-22px&#8221; text_weight=&#8221;400&#8243; uncode_shortcode_id=&#8221;368699&#8243; title=&#8221;Our address :&#8221; icon_color_type=&#8221;uncode-palette&#8221;]341 Route de Clisson<br \/>\n44230 Saint S\u00e9bastien sur Loire<br \/>\nFRANCE[\/vc_icon][\/vc_column_inner][vc_column_inner column_width_percent=&#8221;100&#8243; position_vertical=&#8221;middle&#8221; align_horizontal=&#8221;align_center&#8221; gutter_size=&#8221;2&#8243; back_image=&#8221;717&#8243; back_repeat=&#8221;no-repeat&#8221; back_position=&#8221;center center&#8221; overlay_alpha=&#8221;50&#8243; shift_x=&#8221;0&#8243; shift_y=&#8221;0&#8243; shift_y_down=&#8221;0&#8243; z_index=&#8221;0&#8243; medium_width=&#8221;0&#8243; mobile_width=&#8221;0&#8243; width=&#8221;1\/3&#8243; uncode_shortcode_id=&#8221;832850&#8243; back_size=&#8221;auto&#8221;][vc_icon icon=&#8221;fa fa-phone2&#8243; icon_color=&#8221;color-F9B433&#8243; size=&#8221;fa-3x&#8221; heading_semantic=&#8221;p&#8221; text_font=&#8221;font-titres&#8221; text_size=&#8221;fontsize-22px&#8221; text_weight=&#8221;400&#8243; uncode_shortcode_id=&#8221;513727&#8243; title=&#8221;Our phone number :&#8221; icon_color_type=&#8221;uncode-palette&#8221;]<a href=\"tel:+33251791000\"> 02 51 79 10 00<\/a>[\/vc_icon][\/vc_column_inner][vc_column_inner column_width_percent=&#8221;100&#8243; position_vertical=&#8221;middle&#8221; align_horizontal=&#8221;align_center&#8221; gutter_size=&#8221;2&#8243; back_image=&#8221;717&#8243; back_repeat=&#8221;no-repeat&#8221; back_position=&#8221;center center&#8221; overlay_alpha=&#8221;50&#8243; shift_x=&#8221;0&#8243; shift_y=&#8221;0&#8243; shift_y_down=&#8221;0&#8243; z_index=&#8221;0&#8243; medium_width=&#8221;0&#8243; mobile_width=&#8221;0&#8243; width=&#8221;1\/3&#8243; uncode_shortcode_id=&#8221;428974&#8243; back_size=&#8221;auto&#8221;][vc_icon icon=&#8221;fa fa-envelope2&#8243; icon_color=&#8221;color-F9B433&#8243; size=&#8221;fa-3x&#8221; heading_semantic=&#8221;p&#8221; text_font=&#8221;font-titres&#8221; text_size=&#8221;fontsize-22px&#8221; text_weight=&#8221;400&#8243; uncode_shortcode_id=&#8221;737760&#8243; title=&#8221;Our email :&#8221; icon_color_type=&#8221;uncode-palette&#8221;]<a href=\"&#x6d;&#97;i&#x6c;&#116;&#111;&#x3a;&#x63;&#111;n&#x74;&#97;c&#x74;&#x40;&#99;o&#x76;&#105;&#46;&#x63;&#x6f;&#109;\">&#99;&#x6f;&#x6e;&#116;&#x61;&#x63;&#116;&#x40;&#x63;&#111;&#x76;&#x69;&#46;&#x63;&#x6f;&#109;<\/a>[\/vc_icon][\/vc_column_inner][\/vc_row_inner][\/vc_column][\/vc_row][vc_row row_height_percent=&#8221;0&#8243; override_padding=&#8221;yes&#8221; h_padding=&#8221;2&#8243; top_padding=&#8221;3&#8243; bottom_padding=&#8221;4&#8243; overlay_alpha=&#8221;50&#8243; gutter_size=&#8221;3&#8243; column_width_percent=&#8221;100&#8243; shift_y=&#8221;0&#8243; z_index=&#8221;0&#8243; uncode_shortcode_id=&#8221;157048&#8243;][vc_column width=&#8221;1\/1&#8243;][vc_row_inner limit_content=&#8221;&#8221;][vc_column_inner width=&#8221;1\/2&#8243;][vc_column_text uncode_shortcode_id=&#8221;176061&#8243;]<\/p>\n<h2>The pauletlouise.com site is hosted by :<\/h2>\n<p>OVH<br \/>\n2 kellermann Street<br \/>\nPO Box 80157<br \/>\n59053 ROUBAIX Cedex 1<br \/>\nPhone :+33 (0)8 203 203 63<br \/>\nEmail: &#x73;&#117;p&#x70;&#x6f;&#114;t&#x40;&#x6f;&#118;h&#x2e;&#x63;&#111;m<\/p>\n<p>[\/vc_column_text][\/vc_column_inner][vc_column_inner width=&#8221;1\/2&#8243;][vc_column_text uncode_shortcode_id=&#8221;124284&#8243;]<\/p>\n<h2>The pauletlouise.com site was created by :<\/h2>\n<p>Enjin Web Agency<br \/>\nEmail: c&#111;&#x6e;&#x74;a&#99;&#116;&#x40;&#x65;n&#106;&#x69;&#x6e;&#46;&#102;&#114;<br \/>\nWebsite : www.enjin.fr[\/vc_column_text][\/vc_column_inner][\/vc_row_inner][vc_row_inner limit_content=&#8221;&#8221;][vc_column_inner width=&#8221;1\/1&#8243;][vc_column_text uncode_shortcode_id=&#8221;131950&#8243;]<\/p>\n<h2>Intellectual property<\/h2>\n<p>The contents of the pauletlouise.com site (structure, design, texts, images, animations, logo) are the exclusive property of Paul &amp; Louise. Any use of elements of the site pauletlouise.com including reproduction, modification, diffusion or re-diffusion, without the prior written permission of Paul &amp; Louise is strictly prohibited. Any request for authorization of total or partial reproduction of this site must be addressed to contact&#64;&#99;&#111;&#118;&#105;&#46;&#99;&#111;&#109;.<\/p>\n<h2>Limitation of Liability<\/h2>\n<p>The site pauletlouise.com can not be held responsible for errors encountered on the site, technical problems, interpretation of the information published and consequences of their use. Consequently, the user acknowledges using this information under his exclusive responsibility.[\/vc_column_text][\/vc_column_inner][\/vc_row_inner][vc_row_inner limit_content=&#8221;&#8221;][vc_column_inner column_width_percent=&#8221;100&#8243; align_horizontal=&#8221;align_center&#8221; gutter_size=&#8221;3&#8243; overlay_alpha=&#8221;50&#8243; shift_x=&#8221;0&#8243; shift_y=&#8221;0&#8243; shift_y_down=&#8221;0&#8243; z_index=&#8221;0&#8243; medium_width=&#8221;0&#8243; mobile_width=&#8221;0&#8243; width=&#8221;1\/1&#8243; uncode_shortcode_id=&#8221;138991&#8243;][vc_button border_width=&#8221;0&#8243; uncode_shortcode_id=&#8221;167455&#8243; link=&#8221;url:https%3A%2F%2Fpauletlouise.com%2Fen%2Fdeclaration-de-confidentialite-uk%2F|title:Mentions%20l%C3%A9gales&#8221;]Privacy Statement[\/vc_button][\/vc_column_inner][\/vc_row_inner][\/vc_column][\/vc_row]<\/p>\n<\/div>","protected":false},"excerpt":{"rendered":"<p>[vc_row unlock_row_content=&#8221;yes&#8221; row_height_percent=&#8221;0&#8243; override_padding=&#8221;yes&#8221; h_padding=&#8221;0&#8243; top_padding=&#8221;2&#8243; bottom_padding=&#8221;0&#8243; back_image=&#8221;676&#8243; back_repeat=&#8221;no-repeat&#8221; back_position=&#8221;center top&#8221; overlay_alpha=&#8221;50&#8243; gutter_size=&#8221;3&#8243; column_width_percent=&#8221;100&#8243; shift_y=&#8221;0&#8243; z_index=&#8221;0&#8243; uncode_shortcode_id=&#8221;162082&#8243; back_size=&#8221;cover&#8221; el_class=&#8221;bandeau-page&#8221;][vc_column column_width_percent=&#8221;100&#8243; [&hellip;]<\/p>\n","protected":false},"author":1,"featured_media":0,"parent":0,"menu_order":0,"comment_status":"closed","ping_status":"closed","template":"","meta":{"_acf_changed":false,"footnotes":""},"class_list":["post-1397","page","type-page","status-publish","hentry"],"acf":[],"yoast_head":"<!-- This site is optimized with the Yoast SEO plugin v27.4 - https:\/\/yoast.com\/product\/yoast-seo-wordpress\/ -->\n<title>Legal notice | Paul &amp; Louise<\/title>\n<meta name=\"robots\" content=\"index, follow, max-snippet:-1, max-image-preview:large, max-video-preview:-1\" \/>\n<link rel=\"canonical\" href=\"https:\/\/pauletlouise.com\/en\/legal-notice\/\" \/>\n<meta property=\"og:locale\" content=\"en_US\" \/>\n<meta property=\"og:type\" content=\"article\" \/>\n<meta property=\"og:title\" content=\"Legal notice | Paul &amp; Louise\" \/>\n<meta property=\"og:description\" content=\"[vc_row unlock_row_content=&#8221;yes&#8221; row_height_percent=&#8221;0&#8243; override_padding=&#8221;yes&#8221; h_padding=&#8221;0&#8243; top_padding=&#8221;2&#8243; bottom_padding=&#8221;0&#8243; back_image=&#8221;676&#8243; back_repeat=&#8221;no-repeat&#8221; back_position=&#8221;center top&#8221; overlay_alpha=&#8221;50&#8243; gutter_size=&#8221;3&#8243; column_width_percent=&#8221;100&#8243; shift_y=&#8221;0&#8243; z_index=&#8221;0&#8243; uncode_shortcode_id=&#8221;162082&#8243; back_size=&#8221;cover&#8221; el_class=&#8221;bandeau-page&#8221;][vc_column column_width_percent=&#8221;100&#8243; [&hellip;]\" \/>\n<meta property=\"og:url\" content=\"https:\/\/pauletlouise.com\/en\/legal-notice\/\" \/>\n<meta property=\"og:site_name\" content=\"Paul &amp; Louise\" \/>\n<meta property=\"article:modified_time\" content=\"2022-06-14T11:01:59+00:00\" \/>\n<meta name=\"twitter:card\" content=\"summary_large_image\" \/>\n<meta name=\"twitter:label1\" content=\"Est. reading time\" \/>\n\t<meta name=\"twitter:data1\" content=\"3 minutes\" \/>\n<script type=\"application\/ld+json\" class=\"yoast-schema-graph\">{\"@context\":\"https:\\\/\\\/schema.org\",\"@graph\":[{\"@type\":\"WebPage\",\"@id\":\"https:\\\/\\\/pauletlouise.com\\\/en\\\/legal-notice\\\/\",\"url\":\"https:\\\/\\\/pauletlouise.com\\\/en\\\/legal-notice\\\/\",\"name\":\"Legal notice | Paul &amp; Louise\",\"isPartOf\":{\"@id\":\"https:\\\/\\\/pauletlouise.com\\\/en\\\/#website\"},\"datePublished\":\"2022-05-16T10:53:26+00:00\",\"dateModified\":\"2022-06-14T11:01:59+00:00\",\"breadcrumb\":{\"@id\":\"https:\\\/\\\/pauletlouise.com\\\/en\\\/legal-notice\\\/#breadcrumb\"},\"inLanguage\":\"en-US\",\"potentialAction\":[{\"@type\":\"ReadAction\",\"target\":[\"https:\\\/\\\/pauletlouise.com\\\/en\\\/legal-notice\\\/\"]}]},{\"@type\":\"BreadcrumbList\",\"@id\":\"https:\\\/\\\/pauletlouise.com\\\/en\\\/legal-notice\\\/#breadcrumb\",\"itemListElement\":[{\"@type\":\"ListItem\",\"position\":1,\"name\":\"Accueil\",\"item\":\"https:\\\/\\\/pauletlouise.com\\\/en\\\/\"},{\"@type\":\"ListItem\",\"position\":2,\"name\":\"Legal notice\"}]},{\"@type\":\"WebSite\",\"@id\":\"https:\\\/\\\/pauletlouise.com\\\/en\\\/#website\",\"url\":\"https:\\\/\\\/pauletlouise.com\\\/en\\\/\",\"name\":\"Paul &amp; Louise\",\"description\":\"Plats cuisin\u00e9s appertis\u00e9s fran\u00e7ais\",\"publisher\":{\"@id\":\"https:\\\/\\\/pauletlouise.com\\\/en\\\/#organization\"},\"potentialAction\":[{\"@type\":\"SearchAction\",\"target\":{\"@type\":\"EntryPoint\",\"urlTemplate\":\"https:\\\/\\\/pauletlouise.com\\\/en\\\/?s={search_term_string}\"},\"query-input\":{\"@type\":\"PropertyValueSpecification\",\"valueRequired\":true,\"valueName\":\"search_term_string\"}}],\"inLanguage\":\"en-US\"},{\"@type\":\"Organization\",\"@id\":\"https:\\\/\\\/pauletlouise.com\\\/en\\\/#organization\",\"name\":\"Paul & Louise\",\"url\":\"https:\\\/\\\/pauletlouise.com\\\/en\\\/\",\"logo\":{\"@type\":\"ImageObject\",\"inLanguage\":\"en-US\",\"@id\":\"https:\\\/\\\/pauletlouise.com\\\/en\\\/#\\\/schema\\\/logo\\\/image\\\/\",\"url\":\"https:\\\/\\\/pauletlouise.com\\\/wp-content\\\/uploads\\\/sites\\\/2\\\/2022\\\/05\\\/logo-Paul-et-Louise.svg\",\"contentUrl\":\"https:\\\/\\\/pauletlouise.com\\\/wp-content\\\/uploads\\\/sites\\\/2\\\/2022\\\/05\\\/logo-Paul-et-Louise.svg\",\"width\":1,\"height\":1,\"caption\":\"Paul & Louise\"},\"image\":{\"@id\":\"https:\\\/\\\/pauletlouise.com\\\/en\\\/#\\\/schema\\\/logo\\\/image\\\/\"}}]}<\/script>\n<!-- \/ Yoast SEO plugin. -->","yoast_head_json":{"title":"Legal notice | Paul &amp; Louise","robots":{"index":"index","follow":"follow","max-snippet":"max-snippet:-1","max-image-preview":"max-image-preview:large","max-video-preview":"max-video-preview:-1"},"canonical":"https:\/\/pauletlouise.com\/en\/legal-notice\/","og_locale":"en_US","og_type":"article","og_title":"Legal notice | Paul &amp; Louise","og_description":"[vc_row unlock_row_content=&#8221;yes&#8221; row_height_percent=&#8221;0&#8243; override_padding=&#8221;yes&#8221; h_padding=&#8221;0&#8243; top_padding=&#8221;2&#8243; bottom_padding=&#8221;0&#8243; back_image=&#8221;676&#8243; back_repeat=&#8221;no-repeat&#8221; back_position=&#8221;center top&#8221; overlay_alpha=&#8221;50&#8243; gutter_size=&#8221;3&#8243; column_width_percent=&#8221;100&#8243; shift_y=&#8221;0&#8243; z_index=&#8221;0&#8243; uncode_shortcode_id=&#8221;162082&#8243; back_size=&#8221;cover&#8221; el_class=&#8221;bandeau-page&#8221;][vc_column column_width_percent=&#8221;100&#8243; [&hellip;]","og_url":"https:\/\/pauletlouise.com\/en\/legal-notice\/","og_site_name":"Paul &amp; Louise","article_modified_time":"2022-06-14T11:01:59+00:00","twitter_card":"summary_large_image","twitter_misc":{"Est. reading time":"3 minutes"},"schema":{"@context":"https:\/\/schema.org","@graph":[{"@type":"WebPage","@id":"https:\/\/pauletlouise.com\/en\/legal-notice\/","url":"https:\/\/pauletlouise.com\/en\/legal-notice\/","name":"Legal notice | Paul &amp; Louise","isPartOf":{"@id":"https:\/\/pauletlouise.com\/en\/#website"},"datePublished":"2022-05-16T10:53:26+00:00","dateModified":"2022-06-14T11:01:59+00:00","breadcrumb":{"@id":"https:\/\/pauletlouise.com\/en\/legal-notice\/#breadcrumb"},"inLanguage":"en-US","potentialAction":[{"@type":"ReadAction","target":["https:\/\/pauletlouise.com\/en\/legal-notice\/"]}]},{"@type":"BreadcrumbList","@id":"https:\/\/pauletlouise.com\/en\/legal-notice\/#breadcrumb","itemListElement":[{"@type":"ListItem","position":1,"name":"Accueil","item":"https:\/\/pauletlouise.com\/en\/"},{"@type":"ListItem","position":2,"name":"Legal notice"}]},{"@type":"WebSite","@id":"https:\/\/pauletlouise.com\/en\/#website","url":"https:\/\/pauletlouise.com\/en\/","name":"Paul &amp; Louise","description":"Plats cuisin\u00e9s appertis\u00e9s fran\u00e7ais","publisher":{"@id":"https:\/\/pauletlouise.com\/en\/#organization"},"potentialAction":[{"@type":"SearchAction","target":{"@type":"EntryPoint","urlTemplate":"https:\/\/pauletlouise.com\/en\/?s={search_term_string}"},"query-input":{"@type":"PropertyValueSpecification","valueRequired":true,"valueName":"search_term_string"}}],"inLanguage":"en-US"},{"@type":"Organization","@id":"https:\/\/pauletlouise.com\/en\/#organization","name":"Paul & Louise","url":"https:\/\/pauletlouise.com\/en\/","logo":{"@type":"ImageObject","inLanguage":"en-US","@id":"https:\/\/pauletlouise.com\/en\/#\/schema\/logo\/image\/","url":"https:\/\/pauletlouise.com\/wp-content\/uploads\/sites\/2\/2022\/05\/logo-Paul-et-Louise.svg","contentUrl":"https:\/\/pauletlouise.com\/wp-content\/uploads\/sites\/2\/2022\/05\/logo-Paul-et-Louise.svg","width":1,"height":1,"caption":"Paul & Louise"},"image":{"@id":"https:\/\/pauletlouise.com\/en\/#\/schema\/logo\/image\/"}}]}},"_links":{"self":[{"href":"https:\/\/pauletlouise.com\/en\/wp-json\/wp\/v2\/pages\/1397","targetHints":{"allow":["GET"]}}],"collection":[{"href":"https:\/\/pauletlouise.com\/en\/wp-json\/wp\/v2\/pages"}],"about":[{"href":"https:\/\/pauletlouise.com\/en\/wp-json\/wp\/v2\/types\/page"}],"author":[{"embeddable":true,"href":"https:\/\/pauletlouise.com\/en\/wp-json\/wp\/v2\/users\/1"}],"replies":[{"embeddable":true,"href":"https:\/\/pauletlouise.com\/en\/wp-json\/wp\/v2\/comments?post=1397"}],"version-history":[{"count":7,"href":"https:\/\/pauletlouise.com\/en\/wp-json\/wp\/v2\/pages\/1397\/revisions"}],"predecessor-version":[{"id":1897,"href":"https:\/\/pauletlouise.com\/en\/wp-json\/wp\/v2\/pages\/1397\/revisions\/1897"}],"wp:attachment":[{"href":"https:\/\/pauletlouise.com\/en\/wp-json\/wp\/v2\/media?parent=1397"}],"curies":[{"name":"wp","href":"https:\/\/api.w.org\/{rel}","templated":true}]}}